{"id":1487,"date":"2023-11-17T22:23:36","date_gmt":"2023-11-17T22:23:36","guid":{"rendered":"https:\/\/balzisbackinbalance.com\/?page_id=1487"},"modified":"2024-05-01T10:10:51","modified_gmt":"2024-05-01T10:10:51","slug":"wellness-check-up-angsttiere","status":"publish","type":"page","link":"https:\/\/balzisbackinbalance.com\/en\/wellness-check-up-angsttiere\/","title":{"rendered":"Wellness \/ Check-Up \/ Angsttiere"},"content":{"rendered":"<div data-elementor-type=\"wp-page\" data-elementor-id=\"1487\" class=\"elementor elementor-1487\">\n\t\t\t\t<div class=\"elementor-element elementor-element-1dd86b52 e-con-full e-flex e-con e-parent\" data-id=\"1dd86b52\" data-element_type=\"container\" data-e-type=\"container\" data-settings=\"{&quot;background_background&quot;:&quot;classic&quot;}\">\n\t\t<div class=\"elementor-element elementor-element-314ed92f e-con-full e-flex e-con e-child\" data-id=\"314ed92f\" data-element_type=\"container\" data-e-type=\"container\">\n\t\t\t\t<div class=\"elementor-element elementor-element-266ee487 elementor-widget elementor-widget-heading\" data-id=\"266ee487\" data-element_type=\"widget\" data-e-type=\"widget\" data-widget_type=\"heading.default\">\n\t\t\t\t<div class=\"elementor-widget-container\">\n\t\t\t\t\t<h1 class=\"elementor-heading-title elementor-size-default\">Wellness \/ check up<\/h1>\t\t\t\t<\/div>\n\t\t\t\t<\/div>\n\t\t\t\t<\/div>\n\t\t\t\t<\/div>\n\t\t\t\t<section class=\"elementor-section elementor-top-section elementor-element elementor-element-qq07krc elementor-section-full_width elementor-section-height-default elementor-section-height-default\" data-id=\"qq07krc\" data-element_type=\"section\" data-e-type=\"section\" data-settings=\"{&quot;background_background&quot;:&quot;classic&quot;}\">\n\t\t\t\t\t\t<div class=\"elementor-container elementor-column-gap-custom\">\n\t\t\t\t\t<div class=\"elementor-column elementor-col-50 elementor-top-column elementor-element elementor-element-f8352c5\" data-id=\"f8352c5\" data-element_type=\"column\" data-e-type=\"column\">\n\t\t\t<div class=\"elementor-widget-wrap elementor-element-populated\">\n\t\t\t\t\t\t<div class=\"elementor-element elementor-element-00d516a elementor-widget__width-initial elementor-widget-mobile__width-inherit elementor-widget elementor-widget-image\" data-id=\"00d516a\" data-element_type=\"widget\" data-e-type=\"widget\" data-widget_type=\"image.default\">\n\t\t\t\t<div class=\"elementor-widget-container\">\n\t\t\t\t\t\t\t\t\t\t\t\t\t\t\t<img fetchpriority=\"high\" decoding=\"async\" width=\"1024\" height=\"1024\" src=\"https:\/\/balzisbackinbalance.com\/wp-content\/uploads\/2024\/05\/farbe-neu-20240501115052-1024x1024.jpg\" class=\"attachment-large size-large wp-image-2881\" alt=\"\" srcset=\"https:\/\/balzisbackinbalance.com\/wp-content\/uploads\/2024\/05\/farbe-neu-20240501115052-1024x1024.jpg 1024w, https:\/\/balzisbackinbalance.com\/wp-content\/uploads\/2024\/05\/farbe-neu-20240501115052-300x300.jpg 300w, https:\/\/balzisbackinbalance.com\/wp-content\/uploads\/2024\/05\/farbe-neu-20240501115052-150x150.jpg 150w, https:\/\/balzisbackinbalance.com\/wp-content\/uploads\/2024\/05\/farbe-neu-20240501115052-768x768.jpg 768w, https:\/\/balzisbackinbalance.com\/wp-content\/uploads\/2024\/05\/farbe-neu-20240501115052-1536x1536.jpg 1536w, https:\/\/balzisbackinbalance.com\/wp-content\/uploads\/2024\/05\/farbe-neu-20240501115052.jpg 1840w\" sizes=\"(max-width: 1024px) 100vw, 1024px\" \/>\t\t\t\t\t\t\t\t\t\t\t\t\t\t\t<\/div>\n\t\t\t\t<\/div>\n\t\t\t\t<div class=\"elementor-element elementor-element-0a3dd40 elementor-widget elementor-widget-heading\" data-id=\"0a3dd40\" data-element_type=\"widget\" data-e-type=\"widget\" data-widget_type=\"heading.default\">\n\t\t\t\t<div class=\"elementor-widget-container\">\n\t\t\t\t\t<h2 class=\"elementor-heading-title elementor-size-default\">Wellness<\/h2>\t\t\t\t<\/div>\n\t\t\t\t<\/div>\n\t\t\t\t<div class=\"elementor-element elementor-element-0b6ffdb elementor-widget-divider--view-line elementor-widget elementor-widget-divider\" data-id=\"0b6ffdb\" data-element_type=\"widget\" data-e-type=\"widget\" data-widget_type=\"divider.default\">\n\t\t\t\t<div class=\"elementor-widget-container\">\n\t\t\t\t\t\t\t<div class=\"elementor-divider\">\n\t\t\t<span class=\"elementor-divider-separator\">\n\t\t\t\t\t\t<\/span>\n\t\t<\/div>\n\t\t\t\t\t\t<\/div>\n\t\t\t\t<\/div>\n\t\t\t\t<div class=\"elementor-element elementor-element-87870da elementor-widget elementor-widget-text-editor\" data-id=\"87870da\" data-element_type=\"widget\" data-e-type=\"widget\" data-widget_type=\"text-editor.default\">\n\t\t\t\t<div class=\"elementor-widget-container\">\n\t\t\t\t\t\t\t\t\t<p>Du m\u00f6chtest deinem Tier etwas Gutes tun?<\/p><p>Tiere genie\u00dfen genau wie wir Menschen eine Wellnessbehandlung. Gern gebe ich deinem Vierbeiner eine Massage zur Entspannung.<span style=\"font-weight: 400;\"> <br \/><\/span><\/p><p><span style=\"font-weight: 400;\">Im Gegensatz zu einer klassischen Physiotherapieeinheit liegt der Fokus hier ausschlie\u00dflich auf der Massage und wohltuenden W\u00e4rmebehandlungen. <\/span><\/p><p><span style=\"font-weight: 400;\">Die Wellnessbehandlung beinhaltet: <br \/><\/span><\/p><ul><li><span style=\"font-weight: 400;\">Massage<br \/><\/span><\/li><li>W\u00e4rmebehandlung<\/li><li>Tipps f\u00fcr dich, wie du selbst deinem Tier etwas Gutes tun kannst<\/li><\/ul>\t\t\t\t\t\t\t\t<\/div>\n\t\t\t\t<\/div>\n\t\t\t\t\t<\/div>\n\t\t<\/div>\n\t\t\t\t<div class=\"elementor-column elementor-col-50 elementor-top-column elementor-element elementor-element-9fec389\" data-id=\"9fec389\" data-element_type=\"column\" data-e-type=\"column\">\n\t\t\t<div class=\"elementor-widget-wrap elementor-element-populated\">\n\t\t\t\t\t\t<div class=\"elementor-element elementor-element-53ab989 elementor-widget__width-initial elementor-widget-mobile__width-inherit elementor-widget elementor-widget-image\" data-id=\"53ab989\" data-element_type=\"widget\" data-e-type=\"widget\" data-widget_type=\"image.default\">\n\t\t\t\t<div class=\"elementor-widget-container\">\n\t\t\t\t\t\t\t\t\t\t\t\t\t\t\t<img fetchpriority=\"high\" decoding=\"async\" width=\"1024\" height=\"1024\" src=\"https:\/\/balzisbackinbalance.com\/wp-content\/uploads\/2024\/05\/farbe-neu-20240501115052-1024x1024.jpg\" class=\"attachment-large size-large wp-image-2881\" alt=\"\" srcset=\"https:\/\/balzisbackinbalance.com\/wp-content\/uploads\/2024\/05\/farbe-neu-20240501115052-1024x1024.jpg 1024w, https:\/\/balzisbackinbalance.com\/wp-content\/uploads\/2024\/05\/farbe-neu-20240501115052-300x300.jpg 300w, https:\/\/balzisbackinbalance.com\/wp-content\/uploads\/2024\/05\/farbe-neu-20240501115052-150x150.jpg 150w, https:\/\/balzisbackinbalance.com\/wp-content\/uploads\/2024\/05\/farbe-neu-20240501115052-768x768.jpg 768w, https:\/\/balzisbackinbalance.com\/wp-content\/uploads\/2024\/05\/farbe-neu-20240501115052-1536x1536.jpg 1536w, https:\/\/balzisbackinbalance.com\/wp-content\/uploads\/2024\/05\/farbe-neu-20240501115052.jpg 1840w\" sizes=\"(max-width: 1024px) 100vw, 1024px\" \/>\t\t\t\t\t\t\t\t\t\t\t\t\t\t\t<\/div>\n\t\t\t\t<\/div>\n\t\t\t\t<div class=\"elementor-element elementor-element-a8411fc elementor-widget elementor-widget-heading\" data-id=\"a8411fc\" data-element_type=\"widget\" data-e-type=\"widget\" data-widget_type=\"heading.default\">\n\t\t\t\t<div class=\"elementor-widget-container\">\n\t\t\t\t\t<h2 class=\"elementor-heading-title elementor-size-default\">Check-up<\/h2>\t\t\t\t<\/div>\n\t\t\t\t<\/div>\n\t\t\t\t<div class=\"elementor-element elementor-element-742f23f elementor-widget-divider--view-line elementor-widget elementor-widget-divider\" data-id=\"742f23f\" data-element_type=\"widget\" data-e-type=\"widget\" data-widget_type=\"divider.default\">\n\t\t\t\t<div class=\"elementor-widget-container\">\n\t\t\t\t\t\t\t<div class=\"elementor-divider\">\n\t\t\t<span class=\"elementor-divider-separator\">\n\t\t\t\t\t\t<\/span>\n\t\t<\/div>\n\t\t\t\t\t\t<\/div>\n\t\t\t\t<\/div>\n\t\t\t\t<div class=\"elementor-element elementor-element-b5ddd55 elementor-widget elementor-widget-text-editor\" data-id=\"b5ddd55\" data-element_type=\"widget\" data-e-type=\"widget\" data-widget_type=\"text-editor.default\">\n\t\t\t\t<div class=\"elementor-widget-container\">\n\t\t\t\t\t\t\t\t\t<p>Deinem Hund oder Pferd fehlt es an nichts aber du m\u00f6chtest sicher gehen, dass alles in Ordnung ist?<\/p><p>Ein einfacher Check-up kann sicherstellen, dass Fehlhaltungen, Verspannungen und daraus resultierende langfriste Probleme im Bewegungsapparat fr\u00fchzeitig erkannt werden.<\/p><p><span style=\"font-weight: 400;\">Der Check-up beinhaltet:<\/span><\/p><ul><li>Gelenkfunktionstestung<\/li><li>Ganganalyse<\/li><li>Befundbesprechung<\/li><li>Trainingstipps (z.B. an welchen Muskelgruppen sollte mehr gearbeitet werden) mit entsprechenden \u00dcbungen<\/li><\/ul>\t\t\t\t\t\t\t\t<\/div>\n\t\t\t\t<\/div>\n\t\t\t\t\t<\/div>\n\t\t<\/div>\n\t\t\t\t\t<\/div>\n\t\t<\/section>\n\t\t<div class=\"elementor-element elementor-element-60cd6c87 e-con-full e-flex e-con e-parent\" data-id=\"60cd6c87\" data-element_type=\"container\" data-e-type=\"container\">\n\t\t\t\t<div class=\"elementor-element elementor-element-e4a0db2 elementor-widget-divider--view-line elementor-widget elementor-widget-divider\" data-id=\"e4a0db2\" data-element_type=\"widget\" data-e-type=\"widget\" data-widget_type=\"divider.default\">\n\t\t\t\t<div class=\"elementor-widget-container\">\n\t\t\t\t\t\t\t<div class=\"elementor-divider\">\n\t\t\t<span class=\"elementor-divider-separator\">\n\t\t\t\t\t\t<\/span>\n\t\t<\/div>\n\t\t\t\t\t\t<\/div>\n\t\t\t\t<\/div>\n\t\t\t\t<\/div>\n\t\t<div class=\"elementor-element elementor-element-66f82dfe e-flex e-con-boxed e-con e-parent\" data-id=\"66f82dfe\" data-element_type=\"container\" data-e-type=\"container\" data-settings=\"{&quot;background_background&quot;:&quot;classic&quot;}\">\n\t\t\t\t\t<div class=\"e-con-inner\">\n\t\t<div class=\"elementor-element elementor-element-72bc9ff9 e-con-full e-flex e-con e-child\" data-id=\"72bc9ff9\" data-element_type=\"container\" data-e-type=\"container\">\n\t\t\t\t<div class=\"elementor-element elementor-element-13a4555d elementor-align-right elementor-mobile-align-center elementor-widget elementor-widget-button\" data-id=\"13a4555d\" data-element_type=\"widget\" data-e-type=\"widget\" data-widget_type=\"button.default\">\n\t\t\t\t<div class=\"elementor-widget-container\">\n\t\t\t\t\t\t\t\t\t<div class=\"elementor-button-wrapper\">\n\t\t\t\t\t<a class=\"elementor-button elementor-button-link elementor-size-sm\" href=\"https:\/\/balzisbackinbalance.com\/en\/kontakt\/\">\n\t\t\t\t\t\t<span class=\"elementor-button-content-wrapper\">\n\t\t\t\t\t\t\t\t\t<span class=\"elementor-button-text\">Contact<\/span>\n\t\t\t\t\t<\/span>\n\t\t\t\t\t<\/a>\n\t\t\t\t<\/div>\n\t\t\t\t\t\t\t\t<\/div>\n\t\t\t\t<\/div>\n\t\t\t\t<\/div>\n\t\t<div class=\"elementor-element elementor-element-3c35eed3 e-con-full e-flex e-con e-child\" data-id=\"3c35eed3\" data-element_type=\"container\" data-e-type=\"container\">\n\t\t\t\t<div class=\"elementor-element elementor-element-4d64f135 elementor-align-center elementor-widget elementor-widget-button\" data-id=\"4d64f135\" data-element_type=\"widget\" data-e-type=\"widget\" data-widget_type=\"button.default\">\n\t\t\t\t<div class=\"elementor-widget-container\">\n\t\t\t\t\t\t\t\t\t<div class=\"elementor-button-wrapper\">\n\t\t\t\t\t<a class=\"elementor-button elementor-button-link elementor-size-sm\" href=\"https:\/\/balzisbackinbalance.com\/en\/mein-angebot\/\">\n\t\t\t\t\t\t<span class=\"elementor-button-content-wrapper\">\n\t\t\t\t\t\t\t\t\t<span class=\"elementor-button-text\">Services<\/span>\n\t\t\t\t\t<\/span>\n\t\t\t\t\t<\/a>\n\t\t\t\t<\/div>\n\t\t\t\t\t\t\t\t<\/div>\n\t\t\t\t<\/div>\n\t\t\t\t<\/div>\n\t\t<div class=\"elementor-element elementor-element-7f78a67 e-con-full e-flex e-con e-child\" data-id=\"7f78a67\" data-element_type=\"container\" data-e-type=\"container\">\n\t\t\t\t<div class=\"elementor-element elementor-element-1d2855d5 elementor-align-left elementor-mobile-align-center elementor-widget elementor-widget-button\" data-id=\"1d2855d5\" data-element_type=\"widget\" data-e-type=\"widget\" data-widget_type=\"button.default\">\n\t\t\t\t<div class=\"elementor-widget-container\">\n\t\t\t\t\t\t\t\t\t<div class=\"elementor-button-wrapper\">\n\t\t\t\t\t<a class=\"elementor-button elementor-button-link elementor-size-sm\" href=\"https:\/\/balzisbackinbalance.com\/en\/preise\/\">\n\t\t\t\t\t\t<span class=\"elementor-button-content-wrapper\">\n\t\t\t\t\t\t\t\t\t<span class=\"elementor-button-text\">Prices <\/span>\n\t\t\t\t\t<\/span>\n\t\t\t\t\t<\/a>\n\t\t\t\t<\/div>\n\t\t\t\t\t\t\t\t<\/div>\n\t\t\t\t<\/div>\n\t\t\t\t<\/div>\n\t\t\t\t\t<\/div>\n\t\t\t\t<\/div>\n\t\t\t\t<\/div>","protected":false},"excerpt":{"rendered":"<p>Wellness \/ Check-Up Wellness Du m\u00f6chtest deinem Tier etwas Gutes tun? Tiere genie\u00dfen genau wie wir Menschen eine Wellnessbehandlung. Gern gebe ich deinem Vierbeiner eine Massage zur Entspannung. Im Gegensatz zu einer klassischen Physiotherapieeinheit liegt der Fokus hier ausschlie\u00dflich auf der Massage und wohltuenden W\u00e4rmebehandlungen. Die Wellnessbehandlung beinhaltet: Massage W\u00e4rmebehandlung Tipps f\u00fcr dich, wie du [&hellip;]<\/p>\n","protected":false},"author":1,"featured_media":0,"parent":0,"menu_order":0,"comment_status":"closed","ping_status":"closed","template":"","meta":{"_uag_custom_page_level_css":"","site-sidebar-layout":"no-sidebar","site-content-layout":"page-builder","ast-site-content-layout":"full-width-container","site-content-style":"default","site-sidebar-style":"default","ast-global-header-display":"","ast-banner-title-visibility":"","ast-main-header-display":"","ast-hfb-above-header-display":"","ast-hfb-below-header-display":"","ast-hfb-mobile-header-display":"","site-post-title":"disabled","ast-breadcrumbs-content":"","ast-featured-img":"disabled","footer-sml-layout":"","ast-disable-related-posts":"","theme-transparent-header-meta":"enabled","adv-header-id-meta":"","stick-header-meta":"","header-above-stick-meta":"","header-main-stick-meta":"","header-below-stick-meta":"","astra-migrate-meta-layouts":"set","ast-page-background-enabled":"default","ast-page-background-meta":{"desktop":{"background-color":"","background-image":"","background-repeat":"repeat","background-position":"center center","background-size":"auto","background-attachment":"scroll","background-type":"","background-media":"","overlay-type":"","overlay-color":"","overlay-opacity":"","overlay-gradient":""},"tablet":{"background-color":"","background-image":"","background-repeat":"repeat","background-position":"center center","background-size":"auto","background-attachment":"scroll","background-type":"","background-media":"","overlay-type":"","overlay-color":"","overlay-opacity":"","overlay-gradient":""},"mobile":{"background-color":"","background-image":"","background-repeat":"repeat","background-position":"center center","background-size":"auto","background-attachment":"scroll","background-type":"","background-media":"","overlay-type":"","overlay-color":"","overlay-opacity":"","overlay-gradient":""}},"ast-content-background-meta":{"desktop":{"background-color":"var(--ast-global-color-5)","background-image":"","background-repeat":"repeat","background-position":"center center","background-size":"auto","background-attachment":"scroll","background-type":"","background-media":"","overlay-type":"","overlay-color":"","overlay-opacity":"","overlay-gradient":""},"tablet":{"background-color":"var(--ast-global-color-5)","background-image":"","background-repeat":"repeat","background-position":"center center","background-size":"auto","background-attachment":"scroll","background-type":"","background-media":"","overlay-type":"","overlay-color":"","overlay-opacity":"","overlay-gradient":""},"mobile":{"background-color":"var(--ast-global-color-5)","background-image":"","background-repeat":"repeat","background-position":"center center","background-size":"auto","background-attachment":"scroll","background-type":"","background-media":"","overlay-type":"","overlay-color":"","overlay-opacity":"","overlay-gradient":""}},"footnotes":""},"class_list":["post-1487","page","type-page","status-publish","hentry"],"uagb_featured_image_src":{"full":false,"thumbnail":false,"medium":false,"medium_large":false,"large":false,"1536x1536":false,"2048x2048":false,"trp-custom-language-flag":false},"uagb_author_info":{"display_name":"Balzis","author_link":"https:\/\/balzisbackinbalance.com\/en\/author\/admin\/"},"uagb_comment_info":0,"uagb_excerpt":"Wellness \/ Check-Up Wellness Du m\u00f6chtest deinem Tier etwas Gutes tun? Tiere genie\u00dfen genau wie wir Menschen eine Wellnessbehandlung. Gern gebe ich deinem Vierbeiner eine Massage zur Entspannung. Im Gegensatz zu einer klassischen Physiotherapieeinheit liegt der Fokus hier ausschlie\u00dflich auf der Massage und wohltuenden W\u00e4rmebehandlungen. Die Wellnessbehandlung beinhaltet: Massage W\u00e4rmebehandlung Tipps f\u00fcr dich, wie du&hellip;","_links":{"self":[{"href":"https:\/\/balzisbackinbalance.com\/en\/wp-json\/wp\/v2\/pages\/1487","targetHints":{"allow":["GET"]}}],"collection":[{"href":"https:\/\/balzisbackinbalance.com\/en\/wp-json\/wp\/v2\/pages"}],"about":[{"href":"https:\/\/balzisbackinbalance.com\/en\/wp-json\/wp\/v2\/types\/page"}],"author":[{"embeddable":true,"href":"https:\/\/balzisbackinbalance.com\/en\/wp-json\/wp\/v2\/users\/1"}],"replies":[{"embeddable":true,"href":"https:\/\/balzisbackinbalance.com\/en\/wp-json\/wp\/v2\/comments?post=1487"}],"version-history":[{"count":107,"href":"https:\/\/balzisbackinbalance.com\/en\/wp-json\/wp\/v2\/pages\/1487\/revisions"}],"predecessor-version":[{"id":2904,"href":"https:\/\/balzisbackinbalance.com\/en\/wp-json\/wp\/v2\/pages\/1487\/revisions\/2904"}],"wp:attachment":[{"href":"https:\/\/balzisbackinbalance.com\/en\/wp-json\/wp\/v2\/media?parent=1487"}],"curies":[{"name":"wp","href":"https:\/\/api.w.org\/{rel}","templated":true}]}}