{"id":1360,"date":"2023-11-17T15:40:26","date_gmt":"2023-11-17T15:40:26","guid":{"rendered":"https:\/\/balzisbackinbalance.com\/?page_id=1360"},"modified":"2024-05-01T12:01:41","modified_gmt":"2024-05-01T12:01:41","slug":"preise","status":"publish","type":"page","link":"https:\/\/balzisbackinbalance.com\/en\/preise\/","title":{"rendered":"Prices"},"content":{"rendered":"<div data-elementor-type=\"wp-page\" data-elementor-id=\"1360\" class=\"elementor elementor-1360\">\n\t\t\t\t<div class=\"elementor-element elementor-element-603717c8 e-con-full e-flex e-con e-parent\" data-id=\"603717c8\" data-element_type=\"container\" data-e-type=\"container\" data-settings=\"{&quot;background_background&quot;:&quot;classic&quot;}\">\n\t\t<div class=\"elementor-element elementor-element-89af19 e-con-full e-flex e-con e-child\" data-id=\"89af19\" data-element_type=\"container\" data-e-type=\"container\">\n\t\t\t\t<div class=\"elementor-element elementor-element-3291aa75 elementor-widget elementor-widget-heading\" data-id=\"3291aa75\" data-element_type=\"widget\" data-e-type=\"widget\" data-widget_type=\"heading.default\">\n\t\t\t\t<div class=\"elementor-widget-container\">\n\t\t\t\t\t<h1 class=\"elementor-heading-title elementor-size-default\">Prices<\/h1>\t\t\t\t<\/div>\n\t\t\t\t<\/div>\n\t\t\t\t<\/div>\n\t\t\t\t<\/div>\n\t\t<div class=\"elementor-element elementor-element-3339746 e-con-full e-flex e-con e-parent\" data-id=\"3339746\" data-element_type=\"container\" data-e-type=\"container\" data-settings=\"{&quot;background_background&quot;:&quot;classic&quot;}\">\n\t\t<div class=\"elementor-element elementor-element-d715125 e-con-full e-flex e-con e-child\" data-id=\"d715125\" data-element_type=\"container\" data-e-type=\"container\">\n\t\t\t\t<div class=\"elementor-element elementor-element-5ec94b6 e-transform elementor-widget-mobile__width-inherit elementor-widget__width-inherit elementor-widget elementor-widget-image\" data-id=\"5ec94b6\" data-element_type=\"widget\" data-e-type=\"widget\" data-settings=\"{&quot;_transform_scale_effect&quot;:{&quot;unit&quot;:&quot;px&quot;,&quot;size&quot;:0.7,&quot;sizes&quot;:[]},&quot;_transform_scale_effect_tablet&quot;:{&quot;unit&quot;:&quot;px&quot;,&quot;size&quot;:&quot;&quot;,&quot;sizes&quot;:[]},&quot;_transform_scale_effect_mobile&quot;:{&quot;unit&quot;:&quot;px&quot;,&quot;size&quot;:&quot;&quot;,&quot;sizes&quot;:[]}}\" data-widget_type=\"image.default\">\n\t\t\t\t<div class=\"elementor-widget-container\">\n\t\t\t\t\t\t\t\t\t\t\t\t\t\t\t<img fetchpriority=\"high\" decoding=\"async\" width=\"228\" height=\"250\" src=\"https:\/\/balzisbackinbalance.com\/wp-content\/uploads\/2024\/01\/hoof.png\" class=\"attachment-medium_large size-medium_large wp-image-2021\" alt=\"\" \/>\t\t\t\t\t\t\t\t\t\t\t\t\t\t\t<\/div>\n\t\t\t\t<\/div>\n\t\t\t\t<div class=\"elementor-element elementor-element-9dd5670 elementor-widget elementor-widget-image\" data-id=\"9dd5670\" data-element_type=\"widget\" data-e-type=\"widget\" data-widget_type=\"image.default\">\n\t\t\t\t<div class=\"elementor-widget-container\">\n\t\t\t\t\t\t\t\t\t\t\t\t\t\t\t<img decoding=\"async\" width=\"1024\" height=\"403\" src=\"https:\/\/balzisbackinbalance.com\/wp-content\/uploads\/2024\/05\/Preis-Pferd-1-1024x403.jpg\" class=\"attachment-large size-large wp-image-2970\" alt=\"\" srcset=\"https:\/\/balzisbackinbalance.com\/wp-content\/uploads\/2024\/05\/Preis-Pferd-1-1024x403.jpg 1024w, https:\/\/balzisbackinbalance.com\/wp-content\/uploads\/2024\/05\/Preis-Pferd-1-300x118.jpg 300w, https:\/\/balzisbackinbalance.com\/wp-content\/uploads\/2024\/05\/Preis-Pferd-1-768x302.jpg 768w, https:\/\/balzisbackinbalance.com\/wp-content\/uploads\/2024\/05\/Preis-Pferd-1.jpg 1152w\" sizes=\"(max-width: 1024px) 100vw, 1024px\" \/>\t\t\t\t\t\t\t\t\t\t\t\t\t\t\t<\/div>\n\t\t\t\t<\/div>\n\t\t\t\t<\/div>\n\t\t<div class=\"elementor-element elementor-element-8ef4b1a e-con-full e-flex e-con e-child\" data-id=\"8ef4b1a\" data-element_type=\"container\" data-e-type=\"container\">\n\t\t\t\t<div class=\"elementor-element elementor-element-61eba3e e-transform elementor-widget-mobile__width-inherit elementor-widget__width-initial elementor-widget elementor-widget-image\" data-id=\"61eba3e\" data-element_type=\"widget\" data-e-type=\"widget\" data-settings=\"{&quot;_transform_scale_effect&quot;:{&quot;unit&quot;:&quot;px&quot;,&quot;size&quot;:0.7,&quot;sizes&quot;:[]},&quot;_transform_scale_effect_tablet&quot;:{&quot;unit&quot;:&quot;px&quot;,&quot;size&quot;:&quot;&quot;,&quot;sizes&quot;:[]},&quot;_transform_scale_effect_mobile&quot;:{&quot;unit&quot;:&quot;px&quot;,&quot;size&quot;:&quot;&quot;,&quot;sizes&quot;:[]}}\" data-widget_type=\"image.default\">\n\t\t\t\t<div class=\"elementor-widget-container\">\n\t\t\t\t\t\t\t\t\t\t\t\t\t\t\t<img decoding=\"async\" width=\"250\" height=\"218\" src=\"https:\/\/balzisbackinbalance.com\/wp-content\/uploads\/2024\/01\/paw-1.png\" class=\"attachment-medium_large size-medium_large wp-image-2023\" alt=\"\" \/>\t\t\t\t\t\t\t\t\t\t\t\t\t\t\t<\/div>\n\t\t\t\t<\/div>\n\t\t\t\t<div class=\"elementor-element elementor-element-e9aa082 elementor-widget elementor-widget-image\" data-id=\"e9aa082\" data-element_type=\"widget\" data-e-type=\"widget\" data-widget_type=\"image.default\">\n\t\t\t\t<div class=\"elementor-widget-container\">\n\t\t\t\t\t\t\t\t\t\t\t\t\t\t\t<img loading=\"lazy\" decoding=\"async\" width=\"1024\" height=\"449\" src=\"https:\/\/balzisbackinbalance.com\/wp-content\/uploads\/2024\/05\/presi-hund-1024x449.jpg\" class=\"attachment-large size-large wp-image-2971\" alt=\"\" srcset=\"https:\/\/balzisbackinbalance.com\/wp-content\/uploads\/2024\/05\/presi-hund-1024x449.jpg 1024w, https:\/\/balzisbackinbalance.com\/wp-content\/uploads\/2024\/05\/presi-hund-300x132.jpg 300w, https:\/\/balzisbackinbalance.com\/wp-content\/uploads\/2024\/05\/presi-hund-768x337.jpg 768w, https:\/\/balzisbackinbalance.com\/wp-content\/uploads\/2024\/05\/presi-hund.jpg 1153w\" sizes=\"(max-width: 1024px) 100vw, 1024px\" \/>\t\t\t\t\t\t\t\t\t\t\t\t\t\t\t<\/div>\n\t\t\t\t<\/div>\n\t\t\t\t<\/div>\n\t\t<div class=\"elementor-element elementor-element-ac0f86c e-con-full e-flex e-con e-child\" data-id=\"ac0f86c\" data-element_type=\"container\" data-e-type=\"container\">\n\t\t\t\t<div class=\"elementor-element elementor-element-42f1b9b elementor-widget-mobile__width-inherit elementor-widget elementor-widget-text-editor\" data-id=\"42f1b9b\" data-element_type=\"widget\" data-e-type=\"widget\" data-widget_type=\"text-editor.default\">\n\t\t\t\t<div class=\"elementor-widget-container\">\n\t\t\t\t\t\t\t\t\t<p><strong>Anfahrtskosten<br \/><\/strong>Ich berechne 0,30 \u20ac pro gefahrenen Kilometer.<\/p><p><span style=\"text-decoration: underline;\"><strong>Weitere Informationen<\/strong><\/span><\/p><p><span style=\"text-decoration: underline;\">Gem\u00e4\u00df \u00a719 Abs. 1 UstG wird keine Umsatzsteuer berechnet.<\/span><\/p><p>Die Bezahlung erfolgt vor Ort in Bar oder per Paypal. Die genannten Betr\u00e4ge sind jeweils direkt nach der Behandlung f\u00e4llig. <br \/>Eine Stornierung bereits vereinbarter Behandlungen ist bis 24 Stunden vor dem Termin kostenlos. Wird eine Behandlung kurzfristiger abgesagt, muss der volle Betrag gezahlt werden.<\/p><p>Ich biete <strong>10% Preisnachlass<\/strong> f\u00fcr die Behandlung von Tieren aus dem <strong>Tierschutz<\/strong> an. Der Besitz eines Tieres aus dem Tierschutz ist \u00fcber das Vorzeigen des Schutzvertrags nachzuweisen.<\/p><p>Eine Physiotherapeutische Behandlung <strong>ersetzt nicht den<\/strong> Besuch beim <strong>Tierarzt.<\/strong> Tiere mit akuten Problematiken, starken Schmerzen oder anderen Beschwerden sollten auf jeden Fall einem Tierarzt vorgestellt werden.<\/p><p>Eine tier\u00e4rztlich gestellte Diagnose hilft mir dabei, die Behandlung deines Tieres zielgerichtet zu unterst\u00fctzen. Ich arbeite sehr gerne mit deiner Tierarztpraxis oder Tierheilpraxis zusammen, um die Behandlung so effektiv wie m\u00f6glich zu gestalten.<\/p><p><strong>Bei Anzeichen von Fieber oder Entz\u00fcndungen darf keine Behandlung erfolgen.<\/strong><\/p><p>Sollte dein Tier kranken- oder OP-versichert sein, kannst du bei deiner Versicherung nachfragen, ob diese die Kosten \u00fcbernimmt. Ich stelle dir gerne eine Rechnung f\u00fcr die Einreichung bei der Versicherung aus.<\/p>\t\t\t\t\t\t\t\t<\/div>\n\t\t\t\t<\/div>\n\t\t\t\t<\/div>\n\t\t\t\t<\/div>\n\t\t<div class=\"elementor-element elementor-element-1812a026 e-con-full e-flex e-con e-parent\" data-id=\"1812a026\" data-element_type=\"container\" data-e-type=\"container\">\n\t\t\t\t<div class=\"elementor-element elementor-element-2cae31c0 elementor-widget-divider--view-line elementor-widget elementor-widget-divider\" data-id=\"2cae31c0\" data-element_type=\"widget\" data-e-type=\"widget\" data-widget_type=\"divider.default\">\n\t\t\t\t<div class=\"elementor-widget-container\">\n\t\t\t\t\t\t\t<div class=\"elementor-divider\">\n\t\t\t<span class=\"elementor-divider-separator\">\n\t\t\t\t\t\t<\/span>\n\t\t<\/div>\n\t\t\t\t\t\t<\/div>\n\t\t\t\t<\/div>\n\t\t\t\t<\/div>\n\t\t<div class=\"elementor-element elementor-element-2b453e62 e-flex e-con-boxed e-con e-parent\" data-id=\"2b453e62\" data-element_type=\"container\" data-e-type=\"container\" data-settings=\"{&quot;background_background&quot;:&quot;classic&quot;}\">\n\t\t\t\t\t<div class=\"e-con-inner\">\n\t\t<div class=\"elementor-element elementor-element-501c860f e-con-full e-flex e-con e-child\" data-id=\"501c860f\" data-element_type=\"container\" data-e-type=\"container\">\n\t\t\t\t<div class=\"elementor-element elementor-element-67a33434 elementor-align-right elementor-mobile-align-center elementor-widget elementor-widget-button\" data-id=\"67a33434\" data-element_type=\"widget\" data-e-type=\"widget\" data-widget_type=\"button.default\">\n\t\t\t\t<div class=\"elementor-widget-container\">\n\t\t\t\t\t\t\t\t\t<div class=\"elementor-button-wrapper\">\n\t\t\t\t\t<a class=\"elementor-button elementor-button-link elementor-size-sm\" href=\"https:\/\/balzisbackinbalance.com\/en\/kontakt\/\">\n\t\t\t\t\t\t<span class=\"elementor-button-content-wrapper\">\n\t\t\t\t\t\t\t\t\t<span class=\"elementor-button-text\">Contact<\/span>\n\t\t\t\t\t<\/span>\n\t\t\t\t\t<\/a>\n\t\t\t\t<\/div>\n\t\t\t\t\t\t\t\t<\/div>\n\t\t\t\t<\/div>\n\t\t\t\t<\/div>\n\t\t<div class=\"elementor-element elementor-element-2593b112 e-con-full e-flex e-con e-child\" data-id=\"2593b112\" data-element_type=\"container\" data-e-type=\"container\">\n\t\t\t\t<div class=\"elementor-element elementor-element-4c985220 elementor-align-center elementor-widget elementor-widget-button\" data-id=\"4c985220\" data-element_type=\"widget\" data-e-type=\"widget\" data-widget_type=\"button.default\">\n\t\t\t\t<div class=\"elementor-widget-container\">\n\t\t\t\t\t\t\t\t\t<div class=\"elementor-button-wrapper\">\n\t\t\t\t\t<a class=\"elementor-button elementor-button-link elementor-size-sm\" href=\"https:\/\/balzisbackinbalance.com\/en\/mein-angebot\/\">\n\t\t\t\t\t\t<span class=\"elementor-button-content-wrapper\">\n\t\t\t\t\t\t\t\t\t<span class=\"elementor-button-text\">Services<\/span>\n\t\t\t\t\t<\/span>\n\t\t\t\t\t<\/a>\n\t\t\t\t<\/div>\n\t\t\t\t\t\t\t\t<\/div>\n\t\t\t\t<\/div>\n\t\t\t\t<\/div>\n\t\t<div class=\"elementor-element elementor-element-7acf1548 e-con-full e-flex e-con e-child\" data-id=\"7acf1548\" data-element_type=\"container\" data-e-type=\"container\">\n\t\t\t\t<div class=\"elementor-element elementor-element-6847fd5d elementor-align-left elementor-mobile-align-center elementor-widget elementor-widget-button\" data-id=\"6847fd5d\" data-element_type=\"widget\" data-e-type=\"widget\" data-widget_type=\"button.default\">\n\t\t\t\t<div class=\"elementor-widget-container\">\n\t\t\t\t\t\t\t\t\t<div class=\"elementor-button-wrapper\">\n\t\t\t\t\t<a class=\"elementor-button elementor-button-link elementor-size-sm\" href=\"https:\/\/balzisbackinbalance.com\/en\/\">\n\t\t\t\t\t\t<span class=\"elementor-button-content-wrapper\">\n\t\t\t\t\t\t\t\t\t<span class=\"elementor-button-text\">Startseite<\/span>\n\t\t\t\t\t<\/span>\n\t\t\t\t\t<\/a>\n\t\t\t\t<\/div>\n\t\t\t\t\t\t\t\t<\/div>\n\t\t\t\t<\/div>\n\t\t\t\t<\/div>\n\t\t\t\t\t<\/div>\n\t\t\t\t<\/div>\n\t\t\t\t<\/div>","protected":false},"excerpt":{"rendered":"<p>Preise AnfahrtskostenIch berechne 0,30 \u20ac pro gefahrenen Kilometer. Weitere Informationen Gem\u00e4\u00df \u00a719 Abs. 1 UstG wird keine Umsatzsteuer berechnet. Die Bezahlung erfolgt vor Ort in Bar oder per Paypal. Die genannten Betr\u00e4ge sind jeweils direkt nach der Behandlung f\u00e4llig. Eine Stornierung bereits vereinbarter Behandlungen ist bis 24 Stunden vor dem Termin kostenlos. Wird eine Behandlung [&hellip;]<\/p>\n","protected":false},"author":1,"featured_media":0,"parent":0,"menu_order":0,"comment_status":"closed","ping_status":"closed","template":"","meta":{"_uag_custom_page_level_css":"","site-sidebar-layout":"no-sidebar","site-content-layout":"page-builder","ast-site-content-layout":"full-width-container","site-content-style":"default","site-sidebar-style":"default","ast-global-header-display":"","ast-banner-title-visibility":"","ast-main-header-display":"","ast-hfb-above-header-display":"","ast-hfb-below-header-display":"","ast-hfb-mobile-header-display":"","site-post-title":"disabled","ast-breadcrumbs-content":"","ast-featured-img":"disabled","footer-sml-layout":"","ast-disable-related-posts":"","theme-transparent-header-meta":"enabled","adv-header-id-meta":"","stick-header-meta":"","header-above-stick-meta":"","header-main-stick-meta":"","header-below-stick-meta":"","astra-migrate-meta-layouts":"set","ast-page-background-enabled":"default","ast-page-background-meta":{"desktop":{"background-color":"","background-image":"","background-repeat":"repeat","background-position":"center center","background-size":"auto","background-attachment":"scroll","background-type":"","background-media":"","overlay-type":"","overlay-color":"","overlay-opacity":"","overlay-gradient":""},"tablet":{"background-color":"","background-image":"","background-repeat":"repeat","background-position":"center center","background-size":"auto","background-attachment":"scroll","background-type":"","background-media":"","overlay-type":"","overlay-color":"","overlay-opacity":"","overlay-gradient":""},"mobile":{"background-color":"","background-image":"","background-repeat":"repeat","background-position":"center center","background-size":"auto","background-attachment":"scroll","background-type":"","background-media":"","overlay-type":"","overlay-color":"","overlay-opacity":"","overlay-gradient":""}},"ast-content-background-meta":{"desktop":{"background-color":"var(--ast-global-color-5)","background-image":"","background-repeat":"repeat","background-position":"center center","background-size":"auto","background-attachment":"scroll","background-type":"","background-media":"","overlay-type":"","overlay-color":"","overlay-opacity":"","overlay-gradient":""},"tablet":{"background-color":"var(--ast-global-color-5)","background-image":"","background-repeat":"repeat","background-position":"center center","background-size":"auto","background-attachment":"scroll","background-type":"","background-media":"","overlay-type":"","overlay-color":"","overlay-opacity":"","overlay-gradient":""},"mobile":{"background-color":"var(--ast-global-color-5)","background-image":"","background-repeat":"repeat","background-position":"center center","background-size":"auto","background-attachment":"scroll","background-type":"","background-media":"","overlay-type":"","overlay-color":"","overlay-opacity":"","overlay-gradient":""}},"footnotes":""},"class_list":["post-1360","page","type-page","status-publish","hentry"],"uagb_featured_image_src":{"full":false,"thumbnail":false,"medium":false,"medium_large":false,"large":false,"1536x1536":false,"2048x2048":false,"trp-custom-language-flag":false},"uagb_author_info":{"display_name":"Balzis","author_link":"https:\/\/balzisbackinbalance.com\/en\/author\/admin\/"},"uagb_comment_info":0,"uagb_excerpt":"Preise AnfahrtskostenIch berechne 0,30 \u20ac pro gefahrenen Kilometer. Weitere Informationen Gem\u00e4\u00df \u00a719 Abs. 1 UstG wird keine Umsatzsteuer berechnet. Die Bezahlung erfolgt vor Ort in Bar oder per Paypal. Die genannten Betr\u00e4ge sind jeweils direkt nach der Behandlung f\u00e4llig. Eine Stornierung bereits vereinbarter Behandlungen ist bis 24 Stunden vor dem Termin kostenlos. Wird eine Behandlung&hellip;","_links":{"self":[{"href":"https:\/\/balzisbackinbalance.com\/en\/wp-json\/wp\/v2\/pages\/1360","targetHints":{"allow":["GET"]}}],"collection":[{"href":"https:\/\/balzisbackinbalance.com\/en\/wp-json\/wp\/v2\/pages"}],"about":[{"href":"https:\/\/balzisbackinbalance.com\/en\/wp-json\/wp\/v2\/types\/page"}],"author":[{"embeddable":true,"href":"https:\/\/balzisbackinbalance.com\/en\/wp-json\/wp\/v2\/users\/1"}],"replies":[{"embeddable":true,"href":"https:\/\/balzisbackinbalance.com\/en\/wp-json\/wp\/v2\/comments?post=1360"}],"version-history":[{"count":100,"href":"https:\/\/balzisbackinbalance.com\/en\/wp-json\/wp\/v2\/pages\/1360\/revisions"}],"predecessor-version":[{"id":2974,"href":"https:\/\/balzisbackinbalance.com\/en\/wp-json\/wp\/v2\/pages\/1360\/revisions\/2974"}],"wp:attachment":[{"href":"https:\/\/balzisbackinbalance.com\/en\/wp-json\/wp\/v2\/media?parent=1360"}],"curies":[{"name":"wp","href":"https:\/\/api.w.org\/{rel}","templated":true}]}}