{"id":1310,"date":"2023-11-17T00:32:35","date_gmt":"2023-11-17T00:32:35","guid":{"rendered":"https:\/\/balzisbackinbalance.com\/?page_id=1310"},"modified":"2024-05-01T11:17:24","modified_gmt":"2024-05-01T11:17:24","slug":"hundephysiotherapie","status":"publish","type":"page","link":"https:\/\/balzisbackinbalance.com\/en\/hundephysiotherapie\/","title":{"rendered":"Canine Physiotherapy"},"content":{"rendered":"<div data-elementor-type=\"wp-page\" data-elementor-id=\"1310\" class=\"elementor elementor-1310\">\n\t\t\t\t<div class=\"elementor-element elementor-element-69325b2 e-flex e-con-boxed e-con e-parent\" data-id=\"69325b2\" data-element_type=\"container\" data-e-type=\"container\" data-settings=\"{&quot;background_background&quot;:&quot;classic&quot;}\">\n\t\t\t\t\t<div class=\"e-con-inner\">\n\t\t<div class=\"elementor-element elementor-element-d230cef e-con-full e-flex e-con e-child\" data-id=\"d230cef\" data-element_type=\"container\" data-e-type=\"container\">\n\t\t\t\t<div class=\"elementor-element elementor-element-cf716ef elementor-widget elementor-widget-heading\" data-id=\"cf716ef\" data-element_type=\"widget\" data-e-type=\"widget\" data-widget_type=\"heading.default\">\n\t\t\t\t<div class=\"elementor-widget-container\">\n\t\t\t\t\t<h1 class=\"elementor-heading-title elementor-size-default\">physiotherapie - hund<\/h1>\t\t\t\t<\/div>\n\t\t\t\t<\/div>\n\t\t\t\t<\/div>\n\t\t\t\t\t<\/div>\n\t\t\t\t<\/div>\n\t\t<div class=\"elementor-element elementor-element-d186379 e-con-full e-flex e-con e-parent\" data-id=\"d186379\" data-element_type=\"container\" data-e-type=\"container\" data-settings=\"{&quot;background_background&quot;:&quot;classic&quot;}\">\n\t\t<div class=\"elementor-element elementor-element-074c027 e-con-full e-flex e-con e-child\" data-id=\"074c027\" data-element_type=\"container\" data-e-type=\"container\">\n\t\t\t\t<div class=\"elementor-element elementor-element-fa4c568 elementor-widget elementor-widget-heading\" data-id=\"fa4c568\" data-element_type=\"widget\" data-e-type=\"widget\" data-widget_type=\"heading.default\">\n\t\t\t\t<div class=\"elementor-widget-container\">\n\t\t\t\t\t<h2 class=\"elementor-heading-title elementor-size-default\">Bestandteile des Ersttermins<\/h2>\t\t\t\t<\/div>\n\t\t\t\t<\/div>\n\t\t\t\t<div class=\"elementor-element elementor-element-7b9ac78 elementor-widget elementor-widget-text-editor\" data-id=\"7b9ac78\" data-element_type=\"widget\" data-e-type=\"widget\" data-widget_type=\"text-editor.default\">\n\t\t\t\t<div class=\"elementor-widget-container\">\n\t\t\t\t\t\t\t\t\t<ul><li>Anamnese (Vorbesprechung)<\/li><li>Ganganalyse<\/li><li>Gelenkfunktionspr\u00fcfung<\/li><li>Manuelle Behandlung<\/li><li>Besprechung der Befunde<\/li><li>Erstellen eines Therapieplans &amp; Trainingsplan<\/li><\/ul>\t\t\t\t\t\t\t\t<\/div>\n\t\t\t\t<\/div>\n\t\t\t\t<\/div>\n\t\t<div class=\"elementor-element elementor-element-fc69a5d e-con-full e-flex e-con e-child\" data-id=\"fc69a5d\" data-element_type=\"container\" data-e-type=\"container\">\n\t\t\t\t<div class=\"elementor-element elementor-element-5fd1792 elementor-widget elementor-widget-heading\" data-id=\"5fd1792\" data-element_type=\"widget\" data-e-type=\"widget\" data-widget_type=\"heading.default\">\n\t\t\t\t<div class=\"elementor-widget-container\">\n\t\t\t\t\t<h2 class=\"elementor-heading-title elementor-size-default\">Bestandteile des Folgetermins<\/h2>\t\t\t\t<\/div>\n\t\t\t\t<\/div>\n\t\t\t\t<div class=\"elementor-element elementor-element-8a5cd9b elementor-widget elementor-widget-text-editor\" data-id=\"8a5cd9b\" data-element_type=\"widget\" data-e-type=\"widget\" data-widget_type=\"text-editor.default\">\n\t\t\t\t<div class=\"elementor-widget-container\">\n\t\t\t\t\t\t\t\t\t<ul><li>Kontrolle des Istzustandes<\/li><li>Manuelle Behandlung<\/li><li>Nachbesprechung<\/li><li>ggf. Hausaufgaben f\u00fcr dich und dein Tier<\/li><\/ul>\t\t\t\t\t\t\t\t<\/div>\n\t\t\t\t<\/div>\n\t\t\t\t<\/div>\n\t\t<div class=\"elementor-element elementor-element-b49df78 e-con-full e-flex e-con e-child\" data-id=\"b49df78\" data-element_type=\"container\" data-e-type=\"container\">\n\t\t\t\t<div class=\"elementor-element elementor-element-6403a31 elementor-widget elementor-widget-text-editor\" data-id=\"6403a31\" data-element_type=\"widget\" data-e-type=\"widget\" data-widget_type=\"text-editor.default\">\n\t\t\t\t<div class=\"elementor-widget-container\">\n\t\t\t\t\t\t\t\t\t<p>Zu Beginn f\u00fchren wir ein kurzes telefonisches Kennenlerngespr\u00e4ch in welchem ich ein paar Grunddaten erfrage und du mir erz\u00e4hlen kannst, welches Problem besteht. Anschlie\u00dfend schicke ich dir einen kurzen Anamnesebogen zu, den du vorab schon ausf\u00fcllen kannst und den wir dann im Termin besprechen.<\/p><p>Beim Termin schaue ich mir deinen Hund im Stehen und in der Bewegung an. Anschlie\u00dfend f\u00fchre ich Gelenksfunktionstestungen durch und untersuche dein Tier manuell.<\/p><p>Im Anschluss erkl\u00e4re ich dir meine Befunde und wir gehen alle deine Fragen durch. Ich erstelle einen Therapieplan f\u00fcr dein Tier f\u00fcr die folgenden Termine. Insofern es sich anbietet bekommst du von mir Hausaufgaben, die du bis zum n\u00e4chsten Termin machen kannst um dein Tier bei der Heilung zu unterst\u00fctzen.<\/p>\t\t\t\t\t\t\t\t<\/div>\n\t\t\t\t<\/div>\n\t\t\t\t<\/div>\n\t\t\t\t<\/div>\n\t\t<div class=\"elementor-element elementor-element-a4780dc e-con-full e-flex e-con e-parent\" data-id=\"a4780dc\" data-element_type=\"container\" data-e-type=\"container\">\n\t\t<div class=\"elementor-element elementor-element-6308f68 e-con-full e-flex e-con e-child\" data-id=\"6308f68\" data-element_type=\"container\" data-e-type=\"container\">\n\t\t\t\t<div class=\"elementor-element elementor-element-e7a05e6 elementor-widget elementor-widget-image\" data-id=\"e7a05e6\" data-element_type=\"widget\" data-e-type=\"widget\" data-widget_type=\"image.default\">\n\t\t\t\t<div class=\"elementor-widget-container\">\n\t\t\t\t\t\t\t\t\t\t\t\t\t\t\t<img fetchpriority=\"high\" decoding=\"async\" width=\"1024\" height=\"1024\" src=\"https:\/\/balzisbackinbalance.com\/wp-content\/uploads\/2024\/05\/1_edited-1024x1024.jpg\" class=\"attachment-large size-large wp-image-2943\" alt=\"\" srcset=\"https:\/\/balzisbackinbalance.com\/wp-content\/uploads\/2024\/05\/1_edited-1024x1024.jpg 1024w, https:\/\/balzisbackinbalance.com\/wp-content\/uploads\/2024\/05\/1_edited-300x300.jpg 300w, https:\/\/balzisbackinbalance.com\/wp-content\/uploads\/2024\/05\/1_edited-150x150.jpg 150w, https:\/\/balzisbackinbalance.com\/wp-content\/uploads\/2024\/05\/1_edited-768x768.jpg 768w, https:\/\/balzisbackinbalance.com\/wp-content\/uploads\/2024\/05\/1_edited-1536x1536.jpg 1536w, https:\/\/balzisbackinbalance.com\/wp-content\/uploads\/2024\/05\/1_edited-2048x2048.jpg 2048w\" sizes=\"(max-width: 1024px) 100vw, 1024px\" \/>\t\t\t\t\t\t\t\t\t\t\t\t\t\t\t<\/div>\n\t\t\t\t<\/div>\n\t\t\t\t<\/div>\n\t\t<div class=\"elementor-element elementor-element-a4300e1 e-con-full e-flex e-con e-child\" data-id=\"a4300e1\" data-element_type=\"container\" data-e-type=\"container\">\n\t\t\t\t<div class=\"elementor-element elementor-element-912d835 elementor-widget elementor-widget-image\" data-id=\"912d835\" data-element_type=\"widget\" data-e-type=\"widget\" data-widget_type=\"image.default\">\n\t\t\t\t<div class=\"elementor-widget-container\">\n\t\t\t\t\t\t\t\t\t\t\t\t\t\t\t<img decoding=\"async\" width=\"1024\" height=\"1024\" src=\"https:\/\/balzisbackinbalance.com\/wp-content\/uploads\/2024\/05\/2_edited-1024x1024.jpg\" class=\"attachment-large size-large wp-image-2944\" alt=\"\" srcset=\"https:\/\/balzisbackinbalance.com\/wp-content\/uploads\/2024\/05\/2_edited-1024x1024.jpg 1024w, https:\/\/balzisbackinbalance.com\/wp-content\/uploads\/2024\/05\/2_edited-300x300.jpg 300w, https:\/\/balzisbackinbalance.com\/wp-content\/uploads\/2024\/05\/2_edited-150x150.jpg 150w, https:\/\/balzisbackinbalance.com\/wp-content\/uploads\/2024\/05\/2_edited-768x768.jpg 768w, https:\/\/balzisbackinbalance.com\/wp-content\/uploads\/2024\/05\/2_edited.jpg 1452w\" sizes=\"(max-width: 1024px) 100vw, 1024px\" \/>\t\t\t\t\t\t\t\t\t\t\t\t\t\t\t<\/div>\n\t\t\t\t<\/div>\n\t\t\t\t<\/div>\n\t\t<div class=\"elementor-element elementor-element-82e8e41 e-con-full e-flex e-con e-child\" data-id=\"82e8e41\" data-element_type=\"container\" data-e-type=\"container\">\n\t\t\t\t<div class=\"elementor-element elementor-element-1f1060b elementor-widget elementor-widget-image\" data-id=\"1f1060b\" data-element_type=\"widget\" data-e-type=\"widget\" data-widget_type=\"image.default\">\n\t\t\t\t<div class=\"elementor-widget-container\">\n\t\t\t\t\t\t\t\t\t\t\t\t\t\t\t<img decoding=\"async\" width=\"1024\" height=\"1024\" src=\"https:\/\/balzisbackinbalance.com\/wp-content\/uploads\/2024\/05\/3_edited-1024x1024.jpg\" class=\"attachment-large size-large wp-image-2945\" alt=\"\" srcset=\"https:\/\/balzisbackinbalance.com\/wp-content\/uploads\/2024\/05\/3_edited-1024x1024.jpg 1024w, https:\/\/balzisbackinbalance.com\/wp-content\/uploads\/2024\/05\/3_edited-300x300.jpg 300w, https:\/\/balzisbackinbalance.com\/wp-content\/uploads\/2024\/05\/3_edited-150x150.jpg 150w, https:\/\/balzisbackinbalance.com\/wp-content\/uploads\/2024\/05\/3_edited-768x767.jpg 768w, https:\/\/balzisbackinbalance.com\/wp-content\/uploads\/2024\/05\/3_edited-1536x1536.jpg 1536w, https:\/\/balzisbackinbalance.com\/wp-content\/uploads\/2024\/05\/3_edited-2048x2046.jpg 2048w\" sizes=\"(max-width: 1024px) 100vw, 1024px\" \/>\t\t\t\t\t\t\t\t\t\t\t\t\t\t\t<\/div>\n\t\t\t\t<\/div>\n\t\t\t\t<\/div>\n\t\t<div class=\"elementor-element elementor-element-d7cbfe3 e-con-full e-flex e-con e-child\" data-id=\"d7cbfe3\" data-element_type=\"container\" data-e-type=\"container\">\n\t\t\t\t<div class=\"elementor-element elementor-element-f1315d3 elementor-widget elementor-widget-image\" data-id=\"f1315d3\" data-element_type=\"widget\" data-e-type=\"widget\" data-widget_type=\"image.default\">\n\t\t\t\t<div class=\"elementor-widget-container\">\n\t\t\t\t\t\t\t\t\t\t\t\t\t\t\t<img loading=\"lazy\" decoding=\"async\" width=\"1024\" height=\"1024\" src=\"https:\/\/balzisbackinbalance.com\/wp-content\/uploads\/2024\/05\/4_edited-1024x1024.jpg\" class=\"attachment-large size-large wp-image-2946\" alt=\"\" srcset=\"https:\/\/balzisbackinbalance.com\/wp-content\/uploads\/2024\/05\/4_edited-1024x1024.jpg 1024w, https:\/\/balzisbackinbalance.com\/wp-content\/uploads\/2024\/05\/4_edited-300x300.jpg 300w, https:\/\/balzisbackinbalance.com\/wp-content\/uploads\/2024\/05\/4_edited-150x150.jpg 150w, https:\/\/balzisbackinbalance.com\/wp-content\/uploads\/2024\/05\/4_edited-768x768.jpg 768w, https:\/\/balzisbackinbalance.com\/wp-content\/uploads\/2024\/05\/4_edited-1536x1536.jpg 1536w, https:\/\/balzisbackinbalance.com\/wp-content\/uploads\/2024\/05\/4_edited-2048x2048.jpg 2048w\" sizes=\"(max-width: 1024px) 100vw, 1024px\" \/>\t\t\t\t\t\t\t\t\t\t\t\t\t\t\t<\/div>\n\t\t\t\t<\/div>\n\t\t\t\t<\/div>\n\t\t\t\t<\/div>\n\t\t<div class=\"elementor-element elementor-element-ed38ba8 e-con-full e-flex e-con e-parent\" data-id=\"ed38ba8\" data-element_type=\"container\" data-e-type=\"container\" data-settings=\"{&quot;background_background&quot;:&quot;classic&quot;}\">\n\t\t<div class=\"elementor-element elementor-element-1754874 e-con-full e-flex e-con e-child\" data-id=\"1754874\" data-element_type=\"container\" data-e-type=\"container\">\n\t\t\t\t<div class=\"elementor-element elementor-element-9c8b5c2 elementor-widget elementor-widget-heading\" data-id=\"9c8b5c2\" data-element_type=\"widget\" data-e-type=\"widget\" data-widget_type=\"heading.default\">\n\t\t\t\t<div class=\"elementor-widget-container\">\n\t\t\t\t\t<h2 class=\"elementor-heading-title elementor-size-default\">Wichtig f\u00fcr den Termin<\/h2>\t\t\t\t<\/div>\n\t\t\t\t<\/div>\n\t\t\t\t<div class=\"elementor-element elementor-element-e381859 elementor-widget-mobile__width-inherit elementor-widget elementor-widget-text-editor\" data-id=\"e381859\" data-element_type=\"widget\" data-e-type=\"widget\" data-widget_type=\"text-editor.default\">\n\t\t\t\t<div class=\"elementor-widget-container\">\n\t\t\t\t\t\t\t\t\t<ul><li>Bitte f\u00fcttere deinen Hund mind. 3h vor dem Termin nicht mehr.<\/li><li>Bitte gib deinem Hund die M\u00f6glichkeit sich vor dem Termin zu l\u00f6sen.<\/li><li>Bitte vermeide dabei gr\u00f6\u00dfere und anstrengende Spazierg\u00e4nge und Spiele, die deinen Hund erm\u00fcden oder in Aufregung versetzen.<\/li><li>Unmittelbar vor dem Termin sollte dein Hund ca. eine halbe Stunde geruht und sich nicht bewegt haben. Das ist besonders bei der Erstuntersuchung wichtig, damit ich eventuelle Anlauflahmheiten besser erkennen kann.<\/li><li>Bitte schaffe eine ruhige Umgebung f\u00fcr die Therapieeinheit.<\/li><li>Wenn du R\u00f6ntgenbilder oder Befunde vom Tierarzt vorliegen hast, bringe diese gern mit.<\/li><li><strong>Bei Anzeichen von Fieber oder Entz\u00fcndungen darf keine Behandlung erfolgen.<\/strong><\/li><\/ul>\t\t\t\t\t\t\t\t<\/div>\n\t\t\t\t<\/div>\n\t\t\t\t<\/div>\n\t\t<div class=\"elementor-element elementor-element-e8e93c5 e-con-full e-flex e-con e-child\" data-id=\"e8e93c5\" data-element_type=\"container\" data-e-type=\"container\">\n\t\t\t\t<div class=\"elementor-element elementor-element-2690166 elementor-widget elementor-widget-heading\" data-id=\"2690166\" data-element_type=\"widget\" data-e-type=\"widget\" data-widget_type=\"heading.default\">\n\t\t\t\t<div class=\"elementor-widget-container\">\n\t\t\t\t\t<h2 class=\"elementor-heading-title elementor-size-default\">Behandlungsmethoden<\/h2>\t\t\t\t<\/div>\n\t\t\t\t<\/div>\n\t\t\t\t<div class=\"elementor-element elementor-element-c5a57c7 elementor-widget elementor-widget-text-editor\" data-id=\"c5a57c7\" data-element_type=\"widget\" data-e-type=\"widget\" data-widget_type=\"text-editor.default\">\n\t\t\t\t<div class=\"elementor-widget-container\">\n\t\t\t\t\t\t\t\t\t<p>Manuelle &amp; physikalische Therapien u.a.:<\/p><ul><li>Triggerpunktbehandlung<\/li><li>Massage<\/li><li>Aktive Bewegungstherapie<\/li><li>Passive Bewegungstherapie<\/li><li>Dehnung<\/li><li>Mobilisation<\/li><\/ul>\t\t\t\t\t\t\t\t<\/div>\n\t\t\t\t<\/div>\n\t\t\t\t<\/div>\n\t\t<div class=\"elementor-element elementor-element-2c1ca28 e-con-full e-flex e-con e-child\" data-id=\"2c1ca28\" data-element_type=\"container\" data-e-type=\"container\">\n\t\t\t\t<\/div>\n\t\t\t\t<\/div>\n\t\t<div class=\"elementor-element elementor-element-15cf94e1 e-con-full e-flex e-con e-parent\" data-id=\"15cf94e1\" data-element_type=\"container\" data-e-type=\"container\">\n\t\t\t\t<div class=\"elementor-element elementor-element-5a8fb7e5 elementor-widget-divider--view-line elementor-widget elementor-widget-divider\" data-id=\"5a8fb7e5\" data-element_type=\"widget\" data-e-type=\"widget\" data-widget_type=\"divider.default\">\n\t\t\t\t<div class=\"elementor-widget-container\">\n\t\t\t\t\t\t\t<div class=\"elementor-divider\">\n\t\t\t<span class=\"elementor-divider-separator\">\n\t\t\t\t\t\t<\/span>\n\t\t<\/div>\n\t\t\t\t\t\t<\/div>\n\t\t\t\t<\/div>\n\t\t\t\t<\/div>\n\t\t<div class=\"elementor-element elementor-element-9b996e3 e-flex e-con-boxed e-con e-parent\" data-id=\"9b996e3\" data-element_type=\"container\" data-e-type=\"container\" data-settings=\"{&quot;background_background&quot;:&quot;classic&quot;}\">\n\t\t\t\t\t<div class=\"e-con-inner\">\n\t\t<div class=\"elementor-element elementor-element-31ed7065 e-con-full e-flex e-con e-child\" data-id=\"31ed7065\" data-element_type=\"container\" data-e-type=\"container\">\n\t\t\t\t<div class=\"elementor-element elementor-element-657444b0 elementor-align-right elementor-mobile-align-center elementor-widget elementor-widget-button\" data-id=\"657444b0\" data-element_type=\"widget\" data-e-type=\"widget\" data-widget_type=\"button.default\">\n\t\t\t\t<div class=\"elementor-widget-container\">\n\t\t\t\t\t\t\t\t\t<div class=\"elementor-button-wrapper\">\n\t\t\t\t\t<a class=\"elementor-button elementor-button-link elementor-size-sm\" href=\"https:\/\/balzisbackinbalance.com\/en\/kontakt\/\">\n\t\t\t\t\t\t<span class=\"elementor-button-content-wrapper\">\n\t\t\t\t\t\t\t\t\t<span class=\"elementor-button-text\">Contact<\/span>\n\t\t\t\t\t<\/span>\n\t\t\t\t\t<\/a>\n\t\t\t\t<\/div>\n\t\t\t\t\t\t\t\t<\/div>\n\t\t\t\t<\/div>\n\t\t\t\t<\/div>\n\t\t<div class=\"elementor-element elementor-element-345371e5 e-con-full e-flex e-con e-child\" data-id=\"345371e5\" data-element_type=\"container\" data-e-type=\"container\">\n\t\t\t\t<div class=\"elementor-element elementor-element-771fffa1 elementor-align-center elementor-widget elementor-widget-button\" data-id=\"771fffa1\" data-element_type=\"widget\" data-e-type=\"widget\" data-widget_type=\"button.default\">\n\t\t\t\t<div class=\"elementor-widget-container\">\n\t\t\t\t\t\t\t\t\t<div class=\"elementor-button-wrapper\">\n\t\t\t\t\t<a class=\"elementor-button elementor-button-link elementor-size-sm\" href=\"https:\/\/balzisbackinbalance.com\/en\/mein-angebot\/\">\n\t\t\t\t\t\t<span class=\"elementor-button-content-wrapper\">\n\t\t\t\t\t\t\t\t\t<span class=\"elementor-button-text\">Services<\/span>\n\t\t\t\t\t<\/span>\n\t\t\t\t\t<\/a>\n\t\t\t\t<\/div>\n\t\t\t\t\t\t\t\t<\/div>\n\t\t\t\t<\/div>\n\t\t\t\t<\/div>\n\t\t<div class=\"elementor-element elementor-element-11b5a10d e-con-full e-flex e-con e-child\" data-id=\"11b5a10d\" data-element_type=\"container\" data-e-type=\"container\">\n\t\t\t\t<div class=\"elementor-element elementor-element-763eafd elementor-align-left elementor-mobile-align-center elementor-widget elementor-widget-button\" data-id=\"763eafd\" data-element_type=\"widget\" data-e-type=\"widget\" data-widget_type=\"button.default\">\n\t\t\t\t<div class=\"elementor-widget-container\">\n\t\t\t\t\t\t\t\t\t<div class=\"elementor-button-wrapper\">\n\t\t\t\t\t<a class=\"elementor-button elementor-button-link elementor-size-sm\" href=\"https:\/\/balzisbackinbalance.com\/en\/preise\/\">\n\t\t\t\t\t\t<span class=\"elementor-button-content-wrapper\">\n\t\t\t\t\t\t\t\t\t<span class=\"elementor-button-text\">Prices <\/span>\n\t\t\t\t\t<\/span>\n\t\t\t\t\t<\/a>\n\t\t\t\t<\/div>\n\t\t\t\t\t\t\t\t<\/div>\n\t\t\t\t<\/div>\n\t\t\t\t<\/div>\n\t\t\t\t\t<\/div>\n\t\t\t\t<\/div>\n\t\t\t\t<\/div>","protected":false},"excerpt":{"rendered":"<p>physiotherapie &#8211; hund Bestandteile des Ersttermins Anamnese (Vorbesprechung) Ganganalyse Gelenkfunktionspr\u00fcfung Manuelle Behandlung Besprechung der Befunde Erstellen eines Therapieplans &amp; Trainingsplan Bestandteile des Folgetermins Kontrolle des Istzustandes Manuelle Behandlung Nachbesprechung ggf. Hausaufgaben f\u00fcr dich und dein Tier Zu Beginn f\u00fchren wir ein kurzes telefonisches Kennenlerngespr\u00e4ch in welchem ich ein paar Grunddaten erfrage und du mir erz\u00e4hlen [&hellip;]<\/p>\n","protected":false},"author":1,"featured_media":0,"parent":0,"menu_order":0,"comment_status":"closed","ping_status":"closed","template":"","meta":{"_uag_custom_page_level_css":"","site-sidebar-layout":"no-sidebar","site-content-layout":"page-builder","ast-site-content-layout":"full-width-container","site-content-style":"default","site-sidebar-style":"default","ast-global-header-display":"","ast-banner-title-visibility":"","ast-main-header-display":"","ast-hfb-above-header-display":"","ast-hfb-below-header-display":"","ast-hfb-mobile-header-display":"","site-post-title":"disabled","ast-breadcrumbs-content":"","ast-featured-img":"disabled","footer-sml-layout":"","ast-disable-related-posts":"","theme-transparent-header-meta":"enabled","adv-header-id-meta":"","stick-header-meta":"","header-above-stick-meta":"","header-main-stick-meta":"","header-below-stick-meta":"","astra-migrate-meta-layouts":"set","ast-page-background-enabled":"default","ast-page-background-meta":{"desktop":{"background-color":"","background-image":"","background-repeat":"repeat","background-position":"center center","background-size":"auto","background-attachment":"scroll","background-type":"","background-media":"","overlay-type":"","overlay-color":"","overlay-opacity":"","overlay-gradient":""},"tablet":{"background-color":"","background-image":"","background-repeat":"repeat","background-position":"center center","background-size":"auto","background-attachment":"scroll","background-type":"","background-media":"","overlay-type":"","overlay-color":"","overlay-opacity":"","overlay-gradient":""},"mobile":{"background-color":"","background-image":"","background-repeat":"repeat","background-position":"center center","background-size":"auto","background-attachment":"scroll","background-type":"","background-media":"","overlay-type":"","overlay-color":"","overlay-opacity":"","overlay-gradient":""}},"ast-content-background-meta":{"desktop":{"background-color":"var(--ast-global-color-5)","background-image":"","background-repeat":"repeat","background-position":"center center","background-size":"auto","background-attachment":"scroll","background-type":"","background-media":"","overlay-type":"","overlay-color":"","overlay-opacity":"","overlay-gradient":""},"tablet":{"background-color":"var(--ast-global-color-5)","background-image":"","background-repeat":"repeat","background-position":"center center","background-size":"auto","background-attachment":"scroll","background-type":"","background-media":"","overlay-type":"","overlay-color":"","overlay-opacity":"","overlay-gradient":""},"mobile":{"background-color":"var(--ast-global-color-5)","background-image":"","background-repeat":"repeat","background-position":"center center","background-size":"auto","background-attachment":"scroll","background-type":"","background-media":"","overlay-type":"","overlay-color":"","overlay-opacity":"","overlay-gradient":""}},"footnotes":""},"class_list":["post-1310","page","type-page","status-publish","hentry"],"uagb_featured_image_src":{"full":false,"thumbnail":false,"medium":false,"medium_large":false,"large":false,"1536x1536":false,"2048x2048":false,"trp-custom-language-flag":false},"uagb_author_info":{"display_name":"Balzis","author_link":"https:\/\/balzisbackinbalance.com\/en\/author\/admin\/"},"uagb_comment_info":0,"uagb_excerpt":"physiotherapie &#8211; hund Bestandteile des Ersttermins Anamnese (Vorbesprechung) Ganganalyse Gelenkfunktionspr\u00fcfung Manuelle Behandlung Besprechung der Befunde Erstellen eines Therapieplans &amp; Trainingsplan Bestandteile des Folgetermins Kontrolle des Istzustandes Manuelle Behandlung Nachbesprechung ggf. Hausaufgaben f\u00fcr dich und dein Tier Zu Beginn f\u00fchren wir ein kurzes telefonisches Kennenlerngespr\u00e4ch in welchem ich ein paar Grunddaten erfrage und du mir erz\u00e4hlen&hellip;","_links":{"self":[{"href":"https:\/\/balzisbackinbalance.com\/en\/wp-json\/wp\/v2\/pages\/1310","targetHints":{"allow":["GET"]}}],"collection":[{"href":"https:\/\/balzisbackinbalance.com\/en\/wp-json\/wp\/v2\/pages"}],"about":[{"href":"https:\/\/balzisbackinbalance.com\/en\/wp-json\/wp\/v2\/types\/page"}],"author":[{"embeddable":true,"href":"https:\/\/balzisbackinbalance.com\/en\/wp-json\/wp\/v2\/users\/1"}],"replies":[{"embeddable":true,"href":"https:\/\/balzisbackinbalance.com\/en\/wp-json\/wp\/v2\/comments?post=1310"}],"version-history":[{"count":126,"href":"https:\/\/balzisbackinbalance.com\/en\/wp-json\/wp\/v2\/pages\/1310\/revisions"}],"predecessor-version":[{"id":2958,"href":"https:\/\/balzisbackinbalance.com\/en\/wp-json\/wp\/v2\/pages\/1310\/revisions\/2958"}],"wp:attachment":[{"href":"https:\/\/balzisbackinbalance.com\/en\/wp-json\/wp\/v2\/media?parent=1310"}],"curies":[{"name":"wp","href":"https:\/\/api.w.org\/{rel}","templated":true}]}}